{"id":97,"date":"2024-07-09T18:41:29","date_gmt":"2024-07-09T21:41:29","guid":{"rendered":"http:\/\/monctonhomeshow.ca\/informations-pour-les-exposants\/"},"modified":"2025-02-27T13:40:26","modified_gmt":"2025-02-27T16:40:26","slug":"informations-pour-les-exposants","status":"publish","type":"page","link":"https:\/\/greatermonctonhomeshow.com\/fr\/informations-pour-les-exposants\/","title":{"rendered":"Informations pour les exposants"},"content":{"rendered":"\n\n\n<h2>Vous Chercher \u00e0 Exposer<\/h2>\n\n\n\n\n\nAvec plus de 150 stands et plus de 12 000 visiteurs attendus, le Salon de l\u2019habitation du Grand Moncton est l\u2019endroit o\u00f9 aller. Parce que l\u2019exposition est concentr\u00e9e exclusivement sur les exposants des secteurs de la construction r\u00e9sidentielle, de la r\u00e9novation et de l\u2019ameublement, les visiteurs sont s\u00e9rieux d\u2019apprendre et de tout voir.\n\n\n\n\n\n\nNous offrons des <strong>prix de stand<\/strong> concurrentiel et une vaste gamme de tailles et d\u2019options de d\u00e9cor personnalis\u00e9.\n\n\nUtilisez notre <strong>formulaire d\u2019inscription en ligne<\/strong> pour choisir la taille, l\u2019emplacement pr\u00e9f\u00e9r\u00e9 et les options pour votre stand.\n\n\nNotre <strong>plan d\u2019am\u00e9nagement<\/strong> est con\u00e7u avec un d\u00e9bit de circulation et une exposition optimale en t\u00eate. N\u2019h\u00e9sitez pas \u00e0 sugg\u00e9rer des premiers choix et deuxi\u00e8mes chois quand vous remplissez votre demande d\u2019inscription en ligne. Si votre choix n\u2019est pas disponible, la directrice de l\u2019exposition communiquera avec vous pour vous offrir d\u2019autres options.<br\/>\n(voir la section <strong>am\u00e9nagement des stands<\/strong> pour plus de renseignements)\n\nIl y a des <strong><a href=\"https:\/\/monctonhomeshow.ca\/fr\/informations-pour-les-exposants\/\">renseignements g\u00e9n\u00e9raux<\/a><\/strong> que les exposants devraient prendre en note pour les activit\u00e9s d\u2019installation et d\u2019exposition.<br\/>(voir la section <strong><a href=\"https:\/\/monctonhomeshow.ca\/fr\/entrepreneur-de-foires-et-salons\/\">Global Convention Services<\/a><\/strong> pour plus de renseignements)\n\nLes exposants du Salon de l\u2019Habitation du Grand Moncton peuvent profiter de notre trousse de publicit\u00e9 exclusive. Une combinaison de publicit\u00e9 \u00e0 la radio, \u00e0 la t\u00e9l\u00e9vision et dans les m\u00e9dias imprim\u00e9s con\u00e7ue pour vous aider \u00e0 tirer le maximum de votre exp\u00e9rience au salon de l\u2019habitation. R\u00e9servez t\u00f4t puisque les quantit\u00e9s disponibles sont limit\u00e9es.\n\n\nNous voulons entendre parler de vous. Si vous avez des questions au sujet de l\u2019exposition ou de votre inscription, vous pouvez nous appeler au <strong>506.852.3377<\/strong> ou utiliser notre <a href=\"https:\/\/monctonhomeshow.ca\/fr\/contacter\/\" style=\"display: inline-block;\"><strong>formulaire de contact<\/strong><\/a>.\n\n\n\n\n\n<p>Lorem Ipsum has been the industry&rsquo;s standard dummy text ever since the 1500s.<\/p>\n\n\n\n\n\nAx\u00e9 exclusivement sur les exposants des secteurs de la construction, de la r\u00e9novation et de l\u2019ameublement de la maison\n\n\n\n\n\n\n","protected":false},"excerpt":{"rendered":"","protected":false},"author":1,"featured_media":0,"parent":0,"menu_order":0,"comment_status":"closed","ping_status":"closed","template":"","meta":{"_acf_changed":false,"pagelayer_contact_templates":[],"_pagelayer_content":"","footnotes":""},"class_list":["post-97","page","type-page","status-publish","hentry"],"acf":[],"_links":{"self":[{"href":"https:\/\/greatermonctonhomeshow.com\/fr\/wp-json\/wp\/v2\/pages\/97","targetHints":{"allow":["GET"]}}],"collection":[{"href":"https:\/\/greatermonctonhomeshow.com\/fr\/wp-json\/wp\/v2\/pages"}],"about":[{"href":"https:\/\/greatermonctonhomeshow.com\/fr\/wp-json\/wp\/v2\/types\/page"}],"author":[{"embeddable":true,"href":"https:\/\/greatermonctonhomeshow.com\/fr\/wp-json\/wp\/v2\/users\/1"}],"replies":[{"embeddable":true,"href":"https:\/\/greatermonctonhomeshow.com\/fr\/wp-json\/wp\/v2\/comments?post=97"}],"version-history":[{"count":20,"href":"https:\/\/greatermonctonhomeshow.com\/fr\/wp-json\/wp\/v2\/pages\/97\/revisions"}],"predecessor-version":[{"id":2662,"href":"https:\/\/greatermonctonhomeshow.com\/fr\/wp-json\/wp\/v2\/pages\/97\/revisions\/2662"}],"wp:attachment":[{"href":"https:\/\/greatermonctonhomeshow.com\/fr\/wp-json\/wp\/v2\/media?parent=97"}],"curies":[{"name":"wp","href":"https:\/\/api.w.org\/{rel}","templated":true}]}}